{"id":2201,"date":"2025-06-04T16:19:56","date_gmt":"2025-06-04T20:19:56","guid":{"rendered":"https:\/\/v2.kidsfurniturecanada.com\/?page_id=2201"},"modified":"2025-06-13T14:47:59","modified_gmt":"2025-06-13T18:47:59","slug":"livraison-ottawa","status":"publish","type":"page","link":"https:\/\/kidsfurniturecanada.com\/fr\/livraison-ottawa\/","title":{"rendered":"Livraison \u00c0 Ottawa"},"content":{"rendered":"\t\t<div data-elementor-type=\"wp-page\" data-elementor-id=\"2201\" class=\"elementor elementor-2201 elementor-1206\" data-elementor-post-type=\"page\">\n\t\t\t\t<div class=\"elementor-element elementor-element-fd93d75 e-flex e-con-boxed e-con e-parent\" data-id=\"fd93d75\" data-element_type=\"container\" data-e-type=\"container\">\n\t\t\t\t\t<div class=\"e-con-inner\">\n\t\t\t\t<div class=\"elementor-element elementor-element-1f17a41 elementor-widget elementor-widget-spacer\" data-id=\"1f17a41\" data-element_type=\"widget\" data-e-type=\"widget\" data-widget_type=\"spacer.default\">\n\t\t\t\t\t\t<div class=\"elementor-widget-container\">\n\t\t\t\t\t\t\t<div class=\"elementor-spacer\">\n\t\t\t<div class=\"elementor-spacer-inner\"><\/div>\n\t\t<\/div>\n\t\t\t\t\t\t<\/div>\n\t\t\t\t<\/div>\n\t\t\t\t<div class=\"elementor-element elementor-element-d63bd86 elementor-widget__width-initial elementor-widget elementor-widget-heading\" data-id=\"d63bd86\" data-element_type=\"widget\" data-e-type=\"widget\" data-widget_type=\"heading.default\">\n\t\t\t\t\t\t<div class=\"elementor-widget-container\">\n\t\t\t\t\t<h1 class=\"elementor-heading-title elementor-size-default\">Livraison de meubles pour enfants \u00e0 Ottawa et sa r\u00e9gion : La qualit\u00e9 \u00e0 votre porte<\/h1>\t\t\t\t<\/div>\n\t\t\t\t<\/div>\n\t\t\t\t<div class=\"elementor-element elementor-element-5e734b2 elementor-widget elementor-widget-text-editor\" data-id=\"5e734b2\" data-element_type=\"widget\" data-e-type=\"widget\" data-widget_type=\"text-editor.default\">\n\t\t\t\t\t\t<div class=\"elementor-widget-container\">\n\t\t\t\t\t\t\t\t\t<p><span style=\"font-weight: 400;\">Bonjour Ottawa et la R\u00e9gion de la capitale nationale ! Meubles pour enfants Canada est fier d&rsquo;offrir sa collection de meubles pour enfants magnifiques, s\u00e9curitaires et durables aux familles de votre communaut\u00e9. Bien que nous n&rsquo;ayons pas de salle de montre physique \u00e0 Ottawa pour le moment, nous nous engageons \u00e0 vous fournir des produits exceptionnels et une exp\u00e9rience de livraison fluide et fiable. D\u00e9couvrez \u00e0 quel point il est simple de cr\u00e9er l&rsquo;espace parfait pour votre enfant avec notre livraison efficace et notre service haut de gamme de Livraison Gants Blancs.<\/span><\/p>\t\t\t\t\t\t\t\t<\/div>\n\t\t\t\t<\/div>\n\t\t\t\t\t<\/div>\n\t\t\t\t<\/div>\n\t\t<div class=\"elementor-element elementor-element-bf02d5c e-flex e-con-boxed e-con e-parent\" data-id=\"bf02d5c\" data-element_type=\"container\" data-e-type=\"container\">\n\t\t\t\t\t<div class=\"e-con-inner\">\n\t\t<div class=\"elementor-element elementor-element-8adcf10 e-con-full e-flex e-con e-child\" data-id=\"8adcf10\" data-element_type=\"container\" data-e-type=\"container\">\n\t\t\t\t<div class=\"elementor-element elementor-element-0c64167 elementor-widget elementor-widget-image\" data-id=\"0c64167\" data-element_type=\"widget\" data-e-type=\"widget\" data-widget_type=\"image.default\">\n\t\t\t\t\t\t<div class=\"elementor-widget-container\">\n\t\t\t\t\t\t\t\t\t\t\t\t\t\t\t<img fetchpriority=\"high\" decoding=\"async\" width=\"800\" height=\"534\" src=\"https:\/\/kidsfurniturecanada.com\/wp-content\/uploads\/2025\/06\/east-block-in-canada-s-parliament-hill-on-a-beauti-2025-02-07-22-45-31-utc-scaled-1-1024x683.jpeg\" class=\"attachment-large size-large wp-image-2763\" alt=\"\" srcset=\"https:\/\/kidsfurniturecanada.com\/wp-content\/uploads\/2025\/06\/east-block-in-canada-s-parliament-hill-on-a-beauti-2025-02-07-22-45-31-utc-scaled-1-1024x683.jpeg 1024w, https:\/\/kidsfurniturecanada.com\/wp-content\/uploads\/2025\/06\/east-block-in-canada-s-parliament-hill-on-a-beauti-2025-02-07-22-45-31-utc-scaled-1-1080x720.jpeg 1080w, https:\/\/kidsfurniturecanada.com\/wp-content\/uploads\/2025\/06\/east-block-in-canada-s-parliament-hill-on-a-beauti-2025-02-07-22-45-31-utc-scaled-1-300x200.jpeg 300w, https:\/\/kidsfurniturecanada.com\/wp-content\/uploads\/2025\/06\/east-block-in-canada-s-parliament-hill-on-a-beauti-2025-02-07-22-45-31-utc-scaled-1-768x512.jpeg 768w, https:\/\/kidsfurniturecanada.com\/wp-content\/uploads\/2025\/06\/east-block-in-canada-s-parliament-hill-on-a-beauti-2025-02-07-22-45-31-utc-scaled-1-1536x1024.jpeg 1536w, https:\/\/kidsfurniturecanada.com\/wp-content\/uploads\/2025\/06\/east-block-in-canada-s-parliament-hill-on-a-beauti-2025-02-07-22-45-31-utc-scaled-1-2048x1366.jpeg 2048w\" sizes=\"(max-width: 800px) 100vw, 800px\" \/>\t\t\t\t\t\t\t\t\t\t\t\t\t\t\t<\/div>\n\t\t\t\t<\/div>\n\t\t\t\t<div class=\"elementor-element elementor-element-8786fe0 elementor-widget elementor-widget-heading\" data-id=\"8786fe0\" data-element_type=\"widget\" data-e-type=\"widget\" data-widget_type=\"heading.default\">\n\t\t\t\t\t\t<div class=\"elementor-widget-container\">\n\t\t\t\t\t<h2 class=\"elementor-heading-title elementor-size-default\">Pourquoi les familles d'Ottawa choisissent Meubles pour enfants Canada<\/h2>\t\t\t\t<\/div>\n\t\t\t\t<\/div>\n\t\t\t\t<div class=\"elementor-element elementor-element-a3c7e85 elementor-widget elementor-widget-text-editor\" data-id=\"a3c7e85\" data-element_type=\"widget\" data-e-type=\"widget\" data-widget_type=\"text-editor.default\">\n\t\t\t\t\t\t<div class=\"elementor-widget-container\">\n\t\t\t\t\t\t\t\t\t<ul><li style=\"font-weight: 400;\" aria-level=\"1\"><b>S\u00e9lection soign\u00e9e de qualit\u00e9 et de style :<\/b><span style=\"font-weight: 400;\"> Acc\u00e9dez \u00e0 notre catalogue en ligne complet de meubles pour enfants de haute qualit\u00e9, au design r\u00e9fl\u00e9chi, incluant des pi\u00e8ces d&rsquo;inspiration europ\u00e9enne, tous s\u00e9lectionn\u00e9s pour leur s\u00e9curit\u00e9 et leur durabilit\u00e9 exceptionnelles.<\/span><\/li><li style=\"font-weight: 400;\" aria-level=\"1\"><b>Un service \u00e0 la client\u00e8le canadien d\u00e9vou\u00e9 :<\/b><span style=\"font-weight: 400;\"> M\u00eame si nous ne sommes pas physiquement \u00e0 Ottawa, notre sympathique \u00e9quipe du service \u00e0 la client\u00e8le est facilement joignable par t\u00e9l\u00e9phone ou par courriel pour r\u00e9pondre \u00e0 vos questions sur les produits et vos commandes.<\/span><\/li><li style=\"font-weight: 400;\" aria-level=\"1\"><b>Consultations de design virtuelles gratuites :<\/b><span style=\"font-weight: 400;\"> Besoin d&rsquo;aide pour imaginer la nouvelle chambre de votre enfant ? Nos experts en design d&rsquo;int\u00e9rieur pour enfants offrent des <a href=\"\/fr\/consultation-design-gratuite\/\">consultations de design virtuelles gratuites<\/a> pour aider les familles d&rsquo;Ottawa \u00e0 planifier l&rsquo;am\u00e9nagement id\u00e9al dans le confort de leur foyer.<\/span><\/li><li><b>Un engagement in\u00e9branlable envers la s\u00e9curit\u00e9 :<\/b><span style=\"font-weight: 400;\"> Soyez assur\u00e9 que tous nos meubles respectent ou surpassent les <a href=\"\/fr\/a-propos\/materiaux-securite\/\">normes de s\u00e9curit\u00e9 canadiennes<\/a> les plus strictes, priorisant le bien-\u00eatre de votre enfant.<\/span><\/li><\/ul>\t\t\t\t\t\t\t\t<\/div>\n\t\t\t\t<\/div>\n\t\t\t\t<\/div>\n\t\t<div class=\"elementor-element elementor-element-2ada301 e-con-full e-flex e-con e-child\" data-id=\"2ada301\" data-element_type=\"container\" data-e-type=\"container\">\n\t\t\t\t<div class=\"elementor-element elementor-element-178ed93 elementor-widget elementor-widget-heading\" data-id=\"178ed93\" data-element_type=\"widget\" data-e-type=\"widget\" data-widget_type=\"heading.default\">\n\t\t\t\t\t\t<div class=\"elementor-widget-container\">\n\t\t\t\t\t<h2 class=\"elementor-heading-title elementor-size-default\">Options de livraison pour la r\u00e9gion d'Ottawa<\/h2>\t\t\t\t<\/div>\n\t\t\t\t<\/div>\n\t\t\t\t<div class=\"elementor-element elementor-element-41f83ef elementor-widget elementor-widget-text-editor\" data-id=\"41f83ef\" data-element_type=\"widget\" data-e-type=\"widget\" data-widget_type=\"text-editor.default\">\n\t\t\t\t\t\t<div class=\"elementor-widget-container\">\n\t\t\t\t\t\t\t\t\t<p><b>Livraison standard dans votre r\u00e9gion<\/b><\/p><ul><li style=\"font-weight: 400;\" aria-level=\"2\"><span style=\"font-weight: 400;\">Notre service de livraison standard garantit que vos nouveaux meubles pour enfants arrivent en toute s\u00e9curit\u00e9 et efficacement \u00e0 votre adresse, partout \u00e0 Ottawa et dans la r\u00e9gion. Ce service inclut g\u00e9n\u00e9ralement une livraison au pied du trottoir ou \u00e0 l&rsquo;entr\u00e9e principale de votre immeuble pour les articles plus volumineux.<\/span><\/li><li style=\"font-weight: 400;\" aria-level=\"2\"><span style=\"font-weight: 400;\">Les d\u00e9lais de livraison standard estim\u00e9s pour la r\u00e9gion d&rsquo;Ottawa sont g\u00e9n\u00e9ralement de <\/span><b>[ex. : 4 \u00e0 8 jours ouvrables]<\/b><span style=\"font-weight: 400;\"> apr\u00e8s le traitement de la commande. Vous recevrez des informations de suivi d\u00e8s l&rsquo;exp\u00e9dition de votre commande.<\/span><\/li><li style=\"font-weight: 400;\" aria-level=\"2\"><span style=\"font-weight: 400;\">Les frais de livraison sont calcul\u00e9s \u00e0 la caisse en fonction des d\u00e9tails de votre commande et de votre emplacement exact dans la r\u00e9gion.<\/span><\/li><\/ul><p><b>Service haut de gamme de Livraison et Assemblage Gants Blancs<\/b><\/p><ul><li style=\"font-weight: 400;\" aria-level=\"1\"><span style=\"font-weight: 400;\">La livraison directement dans la pi\u00e8ce de votre choix.<\/span><\/li><li style=\"font-weight: 400;\" aria-level=\"1\"><span style=\"font-weight: 400;\">Le d\u00e9ballage soign\u00e9 et l&rsquo;inspection compl\u00e8te de tous les meubles.<\/span><\/li><li style=\"font-weight: 400;\" aria-level=\"1\"><span style=\"font-weight: 400;\">L&rsquo;assemblage expert et complet par nos techniciens d&rsquo;exp\u00e9rience.<\/span><\/li><li style=\"font-weight: 400;\" aria-level=\"1\"><span style=\"font-weight: 400;\">Le placement des meubles exactement comme vous le souhaitez.<\/span><\/li><li style=\"font-weight: 400;\" aria-level=\"1\"><span style=\"font-weight: 400;\">Le retrait complet et l&rsquo;\u00e9limination responsable de tous les mat\u00e9riaux d&#8217;emballage.<\/span><\/li><\/ul>\t\t\t\t\t\t\t\t<\/div>\n\t\t\t\t<\/div>\n\t\t\t\t<div class=\"elementor-element elementor-element-63c53c6 elementor-widget elementor-widget-text-editor\" data-id=\"63c53c6\" data-element_type=\"widget\" data-e-type=\"widget\" data-widget_type=\"text-editor.default\">\n\t\t\t\t\t\t<div class=\"elementor-widget-container\">\n\t\t\t\t\t\t\t\t\t<p><b>Start Your Ottawa Closet Project Today!<\/b><\/p>\t\t\t\t\t\t\t\t<\/div>\n\t\t\t\t<\/div>\n\t\t\t\t<div class=\"elementor-element elementor-element-5f1e28f elementor-align-center elementor-widget elementor-widget-button\" data-id=\"5f1e28f\" data-element_type=\"widget\" data-e-type=\"widget\" data-widget_type=\"button.default\">\n\t\t\t\t\t\t<div class=\"elementor-widget-container\">\n\t\t\t\t\t\t\t\t\t<div class=\"elementor-button-wrapper\">\n\t\t\t\t\t<a class=\"elementor-button elementor-button-link elementor-size-sm\" href=\"\/fr\/consultation-design-gratuite\/\">\n\t\t\t\t\t\t<span class=\"elementor-button-content-wrapper\">\n\t\t\t\t\t\t\t\t\t<span class=\"elementor-button-text\">R\u00e9server Une S\u00e9ance Gratuite<\/span>\n\t\t\t\t\t<\/span>\n\t\t\t\t\t<\/a>\n\t\t\t\t<\/div>\n\t\t\t\t\t\t\t\t<\/div>\n\t\t\t\t<\/div>\n\t\t\t\t<\/div>\n\t\t\t\t\t<\/div>\n\t\t\t\t<\/div>\n\t\t\t\t<\/div>\n\t\t","protected":false},"excerpt":{"rendered":"<p>Livraison de meubles pour enfants \u00e0 Ottawa et sa r\u00e9gion : La qualit\u00e9 \u00e0 votre porte Bonjour Ottawa et la R\u00e9gion de la capitale nationale ! Meubles pour enfants Canada est fier d&rsquo;offrir sa collection de meubles pour enfants magnifiques, s\u00e9curitaires et durables aux familles de votre communaut\u00e9. Bien que nous n&rsquo;ayons pas de salle [&hellip;]<\/p>\n","protected":false},"author":1,"featured_media":0,"parent":0,"menu_order":0,"comment_status":"closed","ping_status":"closed","template":"elementor_header_footer","meta":{"_acf_changed":false,"footnotes":""},"class_list":["post-2201","page","type-page","status-publish","hentry"],"acf":[],"aioseo_notices":[],"_links":{"self":[{"href":"https:\/\/kidsfurniturecanada.com\/fr\/wp-json\/wp\/v2\/pages\/2201","targetHints":{"allow":["GET"]}}],"collection":[{"href":"https:\/\/kidsfurniturecanada.com\/fr\/wp-json\/wp\/v2\/pages"}],"about":[{"href":"https:\/\/kidsfurniturecanada.com\/fr\/wp-json\/wp\/v2\/types\/page"}],"author":[{"embeddable":true,"href":"https:\/\/kidsfurniturecanada.com\/fr\/wp-json\/wp\/v2\/users\/1"}],"replies":[{"embeddable":true,"href":"https:\/\/kidsfurniturecanada.com\/fr\/wp-json\/wp\/v2\/comments?post=2201"}],"version-history":[{"count":4,"href":"https:\/\/kidsfurniturecanada.com\/fr\/wp-json\/wp\/v2\/pages\/2201\/revisions"}],"predecessor-version":[{"id":2790,"href":"https:\/\/kidsfurniturecanada.com\/fr\/wp-json\/wp\/v2\/pages\/2201\/revisions\/2790"}],"wp:attachment":[{"href":"https:\/\/kidsfurniturecanada.com\/fr\/wp-json\/wp\/v2\/media?parent=2201"}],"curies":[{"name":"wp","href":"https:\/\/api.w.org\/{rel}","templated":true}]}}