{"id":2177,"date":"2025-06-04T16:11:18","date_gmt":"2025-06-04T20:11:18","guid":{"rendered":"https:\/\/v2.kidsfurniturecanada.com\/?page_id=2177"},"modified":"2025-06-13T15:34:10","modified_gmt":"2025-06-13T19:34:10","slug":"consultation-design-gratuite","status":"publish","type":"page","link":"https:\/\/kidsfurniturecanada.com\/fr\/consultation-design-gratuite\/","title":{"rendered":"R\u00e9server Une S\u00e9ance Gratuite"},"content":{"rendered":"\t\t<div data-elementor-type=\"wp-page\" data-elementor-id=\"2177\" class=\"elementor elementor-2177 elementor-1185\" data-elementor-post-type=\"page\">\n\t\t\t\t<div class=\"elementor-element elementor-element-7355514 e-flex e-con-boxed e-con e-parent\" data-id=\"7355514\" data-element_type=\"container\" data-e-type=\"container\">\n\t\t\t\t\t<div class=\"e-con-inner\">\n\t\t\t\t<div class=\"elementor-element elementor-element-8dda908 elementor-widget elementor-widget-spacer\" data-id=\"8dda908\" data-element_type=\"widget\" data-e-type=\"widget\" data-widget_type=\"spacer.default\">\n\t\t\t\t\t\t<div class=\"elementor-widget-container\">\n\t\t\t\t\t\t\t<div class=\"elementor-spacer\">\n\t\t\t<div class=\"elementor-spacer-inner\"><\/div>\n\t\t<\/div>\n\t\t\t\t\t\t<\/div>\n\t\t\t\t<\/div>\n\t\t\t\t<div class=\"elementor-element elementor-element-616c7b3 elementor-widget__width-initial elementor-widget elementor-widget-heading\" data-id=\"616c7b3\" data-element_type=\"widget\" data-e-type=\"widget\" data-widget_type=\"heading.default\">\n\t\t\t\t\t\t<div class=\"elementor-widget-container\">\n\t\t\t\t\t<h1 class=\"elementor-heading-title elementor-size-default\">R\u00e9servez votre consultation de design gratuite pour chambre d'enfant<\/h1>\t\t\t\t<\/div>\n\t\t\t\t<\/div>\n\t\t\t\t\t<\/div>\n\t\t\t\t<\/div>\n\t\t<div class=\"elementor-element elementor-element-2861de0 e-flex e-con-boxed e-con e-parent\" data-id=\"2861de0\" data-element_type=\"container\" data-e-type=\"container\">\n\t\t\t\t\t<div class=\"e-con-inner\">\n\t\t<div class=\"elementor-element elementor-element-48c544a e-con-full e-flex e-con e-child\" data-id=\"48c544a\" data-element_type=\"container\" data-e-type=\"container\">\n\t\t\t\t<div class=\"elementor-element elementor-element-7594462 elementor-widget elementor-widget-heading\" data-id=\"7594462\" data-element_type=\"widget\" data-e-type=\"widget\" data-widget_type=\"heading.default\">\n\t\t\t\t\t\t<div class=\"elementor-widget-container\">\n\t\t\t\t\t<h2 class=\"elementor-heading-title elementor-size-default\">Qu'est-ce qui est inclus dans votre consultation de design gratuite ?<\/h2>\t\t\t\t<\/div>\n\t\t\t\t<\/div>\n\t\t\t\t<div class=\"elementor-element elementor-element-6b87c8a elementor-widget elementor-widget-text-editor\" data-id=\"6b87c8a\" data-element_type=\"widget\" data-e-type=\"widget\" data-widget_type=\"text-editor.default\">\n\t\t\t\t\t\t<div class=\"elementor-widget-container\">\n\t\t\t\t\t\t\t\t\t<ul><li style=\"font-weight: 400;\" aria-level=\"1\"><b>\u00c9valuation personnalis\u00e9e des besoins :<\/b><span style=\"font-weight: 400;\"> Nous discuterons de l&rsquo;\u00e2ge de votre enfant, de ses int\u00e9r\u00eats, de ses activit\u00e9s, de vos pr\u00e9f\u00e9rences de style, des dimensions de la pi\u00e8ce et de tout d\u00e9fi ou besoin sp\u00e9cifique.<\/span><\/li><li style=\"font-weight: 400;\" aria-level=\"1\"><b>Conseils en am\u00e9nagement de l&rsquo;espace :<\/b><span style=\"font-weight: 400;\"> Obtenez des conseils d&rsquo;experts sur la fa\u00e7on de maximiser votre espace, d&rsquo;optimiser la circulation et de cr\u00e9er des zones fonctionnelles pour le sommeil, le jeu et les \u00e9tudes.<\/span><\/li><li style=\"font-weight: 400;\" aria-level=\"1\"><b>Recommandations de produits :<\/b><span style=\"font-weight: 400;\"> En fonction de vos besoins et de votre budget, nous sugg\u00e9rerons des meubles adapt\u00e9s de nos collections Meubles pour enfants Canada \u2013 des lits et bureaux aux solutions de rangement et syst\u00e8mes modulaires.<\/span><\/li><li style=\"font-weight: 400;\" aria-level=\"1\"><b>Conseils de style et de th\u00e9matique :<\/b><span style=\"font-weight: 400;\"> Que vous visiez un th\u00e8me sp\u00e9cifique ou un look polyvalent qui \u00e9volue avec votre enfant, nous pouvons vous aider \u00e0 affiner vos choix esth\u00e9tiques.<\/span><\/li><li style=\"font-weight: 400;\" aria-level=\"1\"><b>Consid\u00e9rations de s\u00e9curit\u00e9 :<\/b><span style=\"font-weight: 400;\"> Nous nous assurerons que toutes les recommandations priorisent la s\u00e9curit\u00e9 de l&rsquo;enfant et respectent les normes canadiennes.<\/span><\/li><\/ul>\t\t\t\t\t\t\t\t<\/div>\n\t\t\t\t<\/div>\n\t\t\t\t<\/div>\n\t\t<div class=\"elementor-element elementor-element-ed8125e e-con-full e-flex e-con e-child\" data-id=\"ed8125e\" data-element_type=\"container\" data-e-type=\"container\">\n\t\t\t\t<div class=\"elementor-element elementor-element-c55fa68 elementor-widget elementor-widget-heading\" data-id=\"c55fa68\" data-element_type=\"widget\" data-e-type=\"widget\" data-widget_type=\"heading.default\">\n\t\t\t\t\t\t<div class=\"elementor-widget-container\">\n\t\t\t\t\t<h2 class=\"elementor-heading-title elementor-size-default\">Les avantages d'une consultation de design avec nous\n<\/h2>\t\t\t\t<\/div>\n\t\t\t\t<\/div>\n\t\t\t\t<div class=\"elementor-element elementor-element-6df7008 elementor-widget elementor-widget-text-editor\" data-id=\"6df7008\" data-element_type=\"widget\" data-e-type=\"widget\" data-widget_type=\"text-editor.default\">\n\t\t\t\t\t\t<div class=\"elementor-widget-container\">\n\t\t\t\t\t\t\t\t\t<ul><li style=\"font-weight: 400;\" aria-level=\"1\"><b>\u00c9conomisez du temps et des efforts :<\/b><span style=\"font-weight: 400;\"> Laissez nos experts simplifier le processus de design et la s\u00e9lection de produits pour vous.<\/span><\/li><li style=\"font-weight: 400;\" aria-level=\"1\"><b>\u00c9vitez les erreurs co\u00fbteuses :<\/b><span style=\"font-weight: 400;\"> Obtenez des conseils professionnels pour ne pas acheter des meubles qui ne conviennent pas \u00e0 votre espace ou \u00e0 vos besoins.<\/span><\/li><li style=\"font-weight: 400;\" aria-level=\"1\"><b>Une connaissance experte des produits :<\/b><span style=\"font-weight: 400;\"> Nous connaissons nos collections sur le bout des doigts et pouvons recommander les meilleures pi\u00e8ces pour votre situation.<\/span><\/li><li style=\"font-weight: 400;\" aria-level=\"1\"><b>Des solutions cr\u00e9atives :<\/b><span style=\"font-weight: 400;\"> D\u00e9couvrez de nouvelles id\u00e9es et des solutions ing\u00e9nieuses pour l&rsquo;am\u00e9nagement, le rangement et le style que vous n&rsquo;auriez peut-\u00eatre pas envisag\u00e9es.<\/span><\/li><li style=\"font-weight: 400;\" aria-level=\"1\"><b>Enti\u00e8rement gratuit, sans obligation :<\/b><span style=\"font-weight: 400;\"> Notre objectif principal est de vous aider. Il n&rsquo;y a aucune pression d&rsquo;achat.<\/span><\/li><li><b>Adapt\u00e9 aux maisons d&rsquo;ici :<\/b><span style=\"font-weight: 400;\"> Nous comprenons les particularit\u00e9s de l&rsquo;am\u00e9nagement des espaces de vie canadiens.<\/span><\/li><\/ul>\t\t\t\t\t\t\t\t<\/div>\n\t\t\t\t<\/div>\n\t\t\t\t<\/div>\n\t\t\t\t\t<\/div>\n\t\t\t\t<\/div>\n\t\t<div class=\"elementor-element elementor-element-f934529 e-flex e-con-boxed e-con e-parent\" data-id=\"f934529\" data-element_type=\"container\" data-e-type=\"container\">\n\t\t\t\t\t<div class=\"e-con-inner\">\n\t\t\t\t<div class=\"elementor-element elementor-element-27148fd elementor-widget elementor-widget-heading\" data-id=\"27148fd\" data-element_type=\"widget\" data-e-type=\"widget\" data-widget_type=\"heading.default\">\n\t\t\t\t\t\t<div class=\"elementor-widget-container\">\n\t\t\t\t\t<h2 class=\"elementor-heading-title elementor-size-default\">Planifiez votre s\u00e9ance aujourd'hui\u00a0!<\/h2>\t\t\t\t<\/div>\n\t\t\t\t<\/div>\n\t\t\t\t<div class=\"elementor-element elementor-element-800208b elementor-widget elementor-widget-text-editor\" data-id=\"800208b\" data-element_type=\"widget\" data-e-type=\"widget\" data-widget_type=\"text-editor.default\">\n\t\t\t\t\t\t<div class=\"elementor-widget-container\">\n\t\t\t\t\t\t\t\t\t<p>Remplissez le formulaire ci-dessous et nous vous contacterons pour confirmer la date et l\u2019heure de votre consultation.<\/p>\t\t\t\t\t\t\t\t<\/div>\n\t\t\t\t<\/div>\n\t\t\t\t<div class=\"elementor-element elementor-element-18eb017 elementor-button-align-end elementor-widget elementor-widget-form\" data-id=\"18eb017\" data-element_type=\"widget\" data-e-type=\"widget\" data-settings=\"{&quot;step_next_label&quot;:&quot;Next \\u27f6&quot;,&quot;step_previous_label&quot;:&quot;\\u27f5 back&quot;,&quot;step_icon_shape&quot;:&quot;square&quot;,&quot;button_width&quot;:&quot;100&quot;,&quot;step_type&quot;:&quot;number_text&quot;}\" data-widget_type=\"form.default\">\n\t\t\t\t\t\t<div class=\"elementor-widget-container\">\n\t\t\t\t\t\t\t<form class=\"elementor-form\" method=\"post\" name=\"Schedule Appointment\" aria-label=\"Schedule Appointment\">\n\t\t\t<input type=\"hidden\" name=\"post_id\" value=\"2177\"\/>\n\t\t\t<input type=\"hidden\" name=\"form_id\" value=\"18eb017\"\/>\n\t\t\t<input type=\"hidden\" name=\"referer_title\" value=\"Design Gratuit: Id\u00e9es Chambre Enfant | Kids Furniture Canada\" \/>\n\n\t\t\t\t\t\t\t<input type=\"hidden\" name=\"queried_id\" value=\"2177\"\/>\n\t\t\t\n\t\t\t<div class=\"elementor-form-fields-wrapper elementor-labels-\">\n\t\t\t\t\t\t\t\t<div class=\"elementor-field-type-text elementor-field-group elementor-column elementor-field-group-field_6b514f4 elementor-col-100 elementor-field-required\">\n\t\t\t\t\t\t\t\t\t\t\t\t<label for=\"form-field-field_6b514f4\" class=\"elementor-field-label elementor-screen-only\">\n\t\t\t\t\t\t\t\tName\t\t\t\t\t\t\t<\/label>\n\t\t\t\t\t\t\t\t\t\t\t\t\t\t<input size=\"1\" type=\"text\" name=\"form_fields[field_6b514f4]\" id=\"form-field-field_6b514f4\" class=\"elementor-field elementor-size-lg  elementor-field-textual\" placeholder=\"Nom*\" required=\"required\">\n\t\t\t\t\t\t\t\t\t\t\t<\/div>\n\t\t\t\t\t\t\t\t<div class=\"elementor-field-type-email elementor-field-group elementor-column elementor-field-group-message elementor-col-100 elementor-field-required\">\n\t\t\t\t\t\t\t\t\t\t\t\t<label for=\"form-field-message\" class=\"elementor-field-label elementor-screen-only\">\n\t\t\t\t\t\t\t\temail\t\t\t\t\t\t\t<\/label>\n\t\t\t\t\t\t\t\t\t\t\t\t\t\t<input size=\"1\" type=\"email\" name=\"form_fields[message]\" id=\"form-field-message\" class=\"elementor-field elementor-size-lg  elementor-field-textual\" placeholder=\"Courriel*\" required=\"required\">\n\t\t\t\t\t\t\t\t\t\t\t<\/div>\n\t\t\t\t\t\t\t\t<div class=\"elementor-field-type-tel elementor-field-group elementor-column elementor-field-group-email elementor-col-100 elementor-field-required\">\n\t\t\t\t\t\t\t\t\t\t\t\t<label for=\"form-field-email\" class=\"elementor-field-label elementor-screen-only\">\n\t\t\t\t\t\t\t\tphone\t\t\t\t\t\t\t<\/label>\n\t\t\t\t\t\t\t\t<input size=\"1\" type=\"tel\" name=\"form_fields[email]\" id=\"form-field-email\" class=\"elementor-field elementor-size-lg  elementor-field-textual\" placeholder=\"T\u00e9l\u00e9phone*\" required=\"required\" pattern=\"[0-9()#&amp;+*-=.]+\" title=\"Seuls les caract\u00e8res de num\u00e9ros de t\u00e9l\u00e9phone (#, -, *, etc.) sont accept\u00e9s.\">\n\n\t\t\t\t\t\t<\/div>\n\t\t\t\t\t\t\t\t<div class=\"elementor-field-type-text elementor-field-group elementor-column elementor-field-group-field_eb4658e elementor-col-100 elementor-field-required\">\n\t\t\t\t\t\t\t\t\t\t\t\t<label for=\"form-field-field_eb4658e\" class=\"elementor-field-label elementor-screen-only\">\n\t\t\t\t\t\t\t\tcity\t\t\t\t\t\t\t<\/label>\n\t\t\t\t\t\t\t\t\t\t\t\t\t\t<input size=\"1\" type=\"text\" name=\"form_fields[field_eb4658e]\" id=\"form-field-field_eb4658e\" class=\"elementor-field elementor-size-lg  elementor-field-textual\" placeholder=\"Ville*\" required=\"required\">\n\t\t\t\t\t\t\t\t\t\t\t<\/div>\n\t\t\t\t\t\t\t\t<div class=\"elementor-field-type-textarea elementor-field-group elementor-column elementor-field-group-field_47dd882 elementor-col-100 elementor-field-required\">\n\t\t\t\t\t\t\t\t\t\t\t\t<label for=\"form-field-field_47dd882\" class=\"elementor-field-label elementor-screen-only\">\n\t\t\t\t\t\t\t\tmessage\t\t\t\t\t\t\t<\/label>\n\t\t\t\t\t\t<textarea class=\"elementor-field-textual elementor-field  elementor-size-lg\" name=\"form_fields[field_47dd882]\" id=\"form-field-field_47dd882\" rows=\"4\" placeholder=\"Parlez-nous de votre projet\" required=\"required\"><\/textarea>\t\t\t\t<\/div>\n\t\t\t\t\t\t\t\t<div class=\"elementor-field-group elementor-column elementor-field-type-submit elementor-col-100 e-form__buttons\">\n\t\t\t\t\t<button class=\"elementor-button elementor-size-sm\" type=\"submit\">\n\t\t\t\t\t\t<span class=\"elementor-button-content-wrapper\">\n\t\t\t\t\t\t\t\t\t\t\t\t\t\t\t\t\t\t\t\t\t\t<span class=\"elementor-button-text\">soumettre \u27f6<\/span>\n\t\t\t\t\t\t\t\t\t\t\t\t\t<\/span>\n\t\t\t\t\t<\/button>\n\t\t\t\t<\/div>\n\t\t\t<\/div>\n\t\t<\/form>\n\t\t\t\t\t\t<\/div>\n\t\t\t\t<\/div>\n\t\t\t\t\t<\/div>\n\t\t\t\t<\/div>\n\t\t\t\t<\/div>\n\t\t","protected":false},"excerpt":{"rendered":"<p>R\u00e9servez votre consultation de design gratuite pour chambre d&rsquo;enfant Qu&rsquo;est-ce qui est inclus dans votre consultation de design gratuite ? \u00c9valuation personnalis\u00e9e des besoins : Nous discuterons de l&rsquo;\u00e2ge de votre enfant, de ses int\u00e9r\u00eats, de ses activit\u00e9s, de vos pr\u00e9f\u00e9rences de style, des dimensions de la pi\u00e8ce et de tout d\u00e9fi ou besoin sp\u00e9cifique. [&hellip;]<\/p>\n","protected":false},"author":1,"featured_media":0,"parent":0,"menu_order":0,"comment_status":"closed","ping_status":"closed","template":"elementor_header_footer","meta":{"_acf_changed":false,"footnotes":""},"class_list":["post-2177","page","type-page","status-publish","hentry"],"acf":[],"aioseo_notices":[],"_links":{"self":[{"href":"https:\/\/kidsfurniturecanada.com\/fr\/wp-json\/wp\/v2\/pages\/2177","targetHints":{"allow":["GET"]}}],"collection":[{"href":"https:\/\/kidsfurniturecanada.com\/fr\/wp-json\/wp\/v2\/pages"}],"about":[{"href":"https:\/\/kidsfurniturecanada.com\/fr\/wp-json\/wp\/v2\/types\/page"}],"author":[{"embeddable":true,"href":"https:\/\/kidsfurniturecanada.com\/fr\/wp-json\/wp\/v2\/users\/1"}],"replies":[{"embeddable":true,"href":"https:\/\/kidsfurniturecanada.com\/fr\/wp-json\/wp\/v2\/comments?post=2177"}],"version-history":[{"count":7,"href":"https:\/\/kidsfurniturecanada.com\/fr\/wp-json\/wp\/v2\/pages\/2177\/revisions"}],"predecessor-version":[{"id":2823,"href":"https:\/\/kidsfurniturecanada.com\/fr\/wp-json\/wp\/v2\/pages\/2177\/revisions\/2823"}],"wp:attachment":[{"href":"https:\/\/kidsfurniturecanada.com\/fr\/wp-json\/wp\/v2\/media?parent=2177"}],"curies":[{"name":"wp","href":"https:\/\/api.w.org\/{rel}","templated":true}]}}