{"id":2172,"date":"2025-06-04T16:06:12","date_gmt":"2025-06-04T20:06:12","guid":{"rendered":"https:\/\/v2.kidsfurniturecanada.com\/?page_id=2172"},"modified":"2025-06-13T16:04:08","modified_gmt":"2025-06-13T20:04:08","slug":"materiaux-securite","status":"publish","type":"page","link":"https:\/\/kidsfurniturecanada.com\/fr\/a-propos\/materiaux-securite\/","title":{"rendered":"Mat\u00e9riaux Fables"},"content":{"rendered":"\t\t<div data-elementor-type=\"wp-page\" data-elementor-id=\"2172\" class=\"elementor elementor-2172 elementor-1181\" data-elementor-post-type=\"page\">\n\t\t\t\t<div class=\"elementor-element elementor-element-b445b50 e-flex e-con-boxed e-con e-parent\" data-id=\"b445b50\" data-element_type=\"container\" data-e-type=\"container\">\n\t\t\t\t\t<div class=\"e-con-inner\">\n\t\t<div class=\"elementor-element elementor-element-ebf1a96 e-con-full e-flex e-con e-child\" data-id=\"ebf1a96\" data-element_type=\"container\" data-e-type=\"container\">\n\t\t<div class=\"elementor-element elementor-element-97fe4b9 e-flex e-con-boxed e-con e-child\" data-id=\"97fe4b9\" data-element_type=\"container\" data-e-type=\"container\">\n\t\t\t\t\t<div class=\"e-con-inner\">\n\t\t\t\t<div class=\"elementor-element elementor-element-43bba27 elementor-widget__width-inherit elementor-widget elementor-widget-heading\" data-id=\"43bba27\" data-element_type=\"widget\" data-e-type=\"widget\" data-widget_type=\"heading.default\">\n\t\t\t\t\t\t<div class=\"elementor-widget-container\">\n\t\t\t\t\t<h1 class=\"elementor-heading-title elementor-size-default\">Notre Engagement : Mat\u00e9riaux S\u00fbrs et Normes de S\u00e9curit\u00e9 pour Meubles Enfants<\/h1>\t\t\t\t<\/div>\n\t\t\t\t<\/div>\n\t\t\t\t<div class=\"elementor-element elementor-element-fe04865 elementor-widget elementor-widget-woocommerce-breadcrumb\" data-id=\"fe04865\" data-element_type=\"widget\" data-e-type=\"widget\" data-widget_type=\"woocommerce-breadcrumb.default\">\n\t\t\t\t\t\t<div class=\"elementor-widget-container\">\n\t\t\t\t\t<nav class=\"woocommerce-breadcrumb\" aria-label=\"Breadcrumb\">Accueil<\/nav>\t\t\t\t<\/div>\n\t\t\t\t<\/div>\n\t\t\t\t<div class=\"elementor-element elementor-element-565e23d elementor-widget elementor-widget-text-editor\" data-id=\"565e23d\" data-element_type=\"widget\" data-e-type=\"widget\" data-widget_type=\"text-editor.default\">\n\t\t\t\t\t\t<div class=\"elementor-widget-container\">\n\t\t\t\t\t\t\t\t\t<p><span style=\"font-weight: 400;\">Chez Kids Furniture Canada, la s\u00e9curit\u00e9 et le bien-\u00eatre de votre enfant sont notre plus haute priorit\u00e9. Nous comprenons que les parents ont besoin d&rsquo;une tranquillit\u00e9 d&rsquo;esprit totale lorsqu&rsquo;ils choisissent des meubles pour leurs tout-petits. C&rsquo;est pourquoi nous nous engageons profond\u00e9ment \u00e0 s\u00e9lectionner et offrir des produits fabriqu\u00e9s \u00e0 partir de <\/span><b>mat\u00e9riaux s\u00e9curitaires, non toxiques<\/b><span style=\"font-weight: 400;\"> qui respectent ou d\u00e9passent les <\/span><b>normes de s\u00e9curit\u00e9 canadiennes strictes<\/b><span style=\"font-weight: 400;\">. Cette page d\u00e9taille notre approche en mati\u00e8re de s\u00e9lection des mat\u00e9riaux, les r\u00e9glementations de s\u00e9curit\u00e9 que nous respectons, et les consid\u00e9rations de design que nous priorisons pour vous aider \u00e0 cr\u00e9er un environnement sain et s\u00e9curis\u00e9 pour votre enfant.<\/span><\/p>\t\t\t\t\t\t\t\t<\/div>\n\t\t\t\t<\/div>\n\t\t\t\t\t<\/div>\n\t\t\t\t<\/div>\n\t\t\t\t<div class=\"elementor-element elementor-element-77ae07b elementor-widget__width-inherit elementor-widget-divider--view-line elementor-widget elementor-widget-divider\" data-id=\"77ae07b\" data-element_type=\"widget\" data-e-type=\"widget\" data-widget_type=\"divider.default\">\n\t\t\t\t\t\t<div class=\"elementor-widget-container\">\n\t\t\t\t\t\t\t<div class=\"elementor-divider\">\n\t\t\t<span class=\"elementor-divider-separator\">\n\t\t\t\t\t\t<\/span>\n\t\t<\/div>\n\t\t\t\t\t\t<\/div>\n\t\t\t\t<\/div>\n\t\t\t\t<\/div>\n\t\t\t\t\t<\/div>\n\t\t\t\t<\/div>\n\t\t<div class=\"elementor-element elementor-element-085dfaa e-flex e-con-boxed e-con e-parent\" data-id=\"085dfaa\" data-element_type=\"container\" data-e-type=\"container\">\n\t\t\t\t\t<div class=\"e-con-inner\">\n\t\t<div class=\"elementor-element elementor-element-6192dc8 e-con-full e-flex e-con e-child\" data-id=\"6192dc8\" data-element_type=\"container\" data-e-type=\"container\">\n\t\t\t\t<div class=\"elementor-element elementor-element-dfe7196 elementor-widget elementor-widget-image\" data-id=\"dfe7196\" data-element_type=\"widget\" data-e-type=\"widget\" data-widget_type=\"image.default\">\n\t\t\t\t\t\t<div class=\"elementor-widget-container\">\n\t\t\t\t\t\t\t\t\t\t\t\t\t\t\t<img fetchpriority=\"high\" decoding=\"async\" width=\"602\" height=\"339\" src=\"https:\/\/kidsfurniturecanada.com\/wp-content\/uploads\/2025\/06\/materials.jpg\" class=\"attachment-large size-large wp-image-2100\" alt=\"\" srcset=\"https:\/\/kidsfurniturecanada.com\/wp-content\/uploads\/2025\/06\/materials.jpg 602w, https:\/\/kidsfurniturecanada.com\/wp-content\/uploads\/2025\/06\/materials-300x169.jpg 300w, https:\/\/kidsfurniturecanada.com\/wp-content\/uploads\/2025\/06\/materials-600x338.jpg 600w\" sizes=\"(max-width: 602px) 100vw, 602px\" \/>\t\t\t\t\t\t\t\t\t\t\t\t\t\t\t<\/div>\n\t\t\t\t<\/div>\n\t\t\t\t<\/div>\n\t\t<div class=\"elementor-element elementor-element-d0cbc4d e-con-full e-flex e-con e-child\" data-id=\"d0cbc4d\" data-element_type=\"container\" data-e-type=\"container\">\n\t\t\t\t<div class=\"elementor-element elementor-element-70e7b27 elementor-widget elementor-widget-heading\" data-id=\"70e7b27\" data-element_type=\"widget\" data-e-type=\"widget\" data-widget_type=\"heading.default\">\n\t\t\t\t\t\t<div class=\"elementor-widget-container\">\n\t\t\t\t\t<h2 class=\"elementor-heading-title elementor-size-default\">Respect des Normes de S\u00e9curit\u00e9 Canadiennes<\/h2>\t\t\t\t<\/div>\n\t\t\t\t<\/div>\n\t\t\t\t<div class=\"elementor-element elementor-element-8eb470c elementor-widget elementor-widget-text-editor\" data-id=\"8eb470c\" data-element_type=\"widget\" data-e-type=\"widget\" data-widget_type=\"text-editor.default\">\n\t\t\t\t\t\t<div class=\"elementor-widget-container\">\n\t\t\t\t\t\t\t\t\t<ul><li style=\"font-weight: 400;\" aria-level=\"2\"><span style=\"font-weight: 400;\">Nous veillons \u00e0 ce que nos meubles pour enfants soient conformes \u00e0 toutes les r\u00e9glementations applicables de Sant\u00e9 Canada.<\/span><\/li><li style=\"font-weight: 400;\" aria-level=\"2\"><b>Lits B\u00e9b\u00e9, Berceaux et Bassinets :<\/b><span style=\"font-weight: 400;\"> Nos lits b\u00e9b\u00e9, berceaux et bassinets sont con\u00e7us et test\u00e9s pour r\u00e9pondre aux exigences rigoureuses du <\/span><b>R\u00e8glement sur les lits d&rsquo;enfant, berceaux et mo\u00efses du Canada (DORS\/2016-193)<\/b><span style=\"font-weight: 400;\">. Cela inclut des directives sp\u00e9cifiques pour l&rsquo;espacement des barreaux, l&rsquo;int\u00e9grit\u00e9 du support de matelas, la stabilit\u00e9 structurelle et l&rsquo;absence de c\u00f4t\u00e9s abaissables traditionnels.<\/span><\/li><li style=\"font-weight: 400;\" aria-level=\"2\"><b>Lits Superpos\u00e9s et Lits Mezzanines :<\/b><span style=\"font-weight: 400;\"> Pour nos lits superpos\u00e9s et mezzanines, nous nous concentrons sur les caract\u00e9ristiques exig\u00e9es par ou align\u00e9es sur les meilleures pratiques pour les lits sur\u00e9lev\u00e9s, telles que la hauteur appropri\u00e9e des barri\u00e8res de s\u00e9curit\u00e9, la conception s\u00e9curis\u00e9e des \u00e9chelles\/escaliers, et une construction robuste pour pr\u00e9venir les risques de coincement et assurer la stabilit\u00e9.<\/span><\/li><li style=\"font-weight: 400;\" aria-level=\"2\"><b>Mobilier pour Enfants (G\u00e9n\u00e9ral) :<\/b><span style=\"font-weight: 400;\"> Au-del\u00e0 des r\u00e9glementations sp\u00e9cifiques, nous consid\u00e9rons les principes g\u00e9n\u00e9raux de s\u00e9curit\u00e9 des produits pour tous les meubles pour enfants, y compris la stabilit\u00e9 et l&rsquo;absence de bords tranchants ou de petites pi\u00e8ces d\u00e9tachables qui pourraient pr\u00e9senter un danger, surtout pour les articles destin\u00e9s aux jeunes enfants.<\/span><\/li><li><b>R\u00e8glement sur les Produits Chimiques et les Mat\u00e9riaux de Surface (Plomb et Mercure) :<\/b><span style=\"font-weight: 400;\"> Toutes les peintures, teintures et rev\u00eatements de surface utilis\u00e9s sur nos meubles sont conformes aux r\u00e9glementations canadiennes limitant la teneur en plomb et en mercure, garantissant leur s\u00e9curit\u00e9 pour les enfants.<\/span><\/li><\/ul>\t\t\t\t\t\t\t\t<\/div>\n\t\t\t\t<\/div>\n\t\t\t\t<\/div>\n\t\t\t\t\t<\/div>\n\t\t\t\t<\/div>\n\t\t<div class=\"elementor-element elementor-element-fa68584 e-flex e-con-boxed e-con e-parent\" data-id=\"fa68584\" data-element_type=\"container\" data-e-type=\"container\">\n\t\t\t\t\t<div class=\"e-con-inner\">\n\t\t<div class=\"elementor-element elementor-element-75bb4bb e-con-full e-flex e-con e-child\" data-id=\"75bb4bb\" data-element_type=\"container\" data-e-type=\"container\">\n\t\t\t\t<div class=\"elementor-element elementor-element-f2f83cf elementor-widget elementor-widget-image\" data-id=\"f2f83cf\" data-element_type=\"widget\" data-e-type=\"widget\" data-widget_type=\"image.default\">\n\t\t\t\t\t\t<div class=\"elementor-widget-container\">\n\t\t\t\t\t\t\t\t\t\t\t\t\t\t\t<img decoding=\"async\" src=\"https:\/\/kidsfurniturecanada.com\/wp-content\/uploads\/2025\/05\/Untitled-19.jpg\" title=\"\" alt=\"\" loading=\"lazy\" \/>\t\t\t\t\t\t\t\t\t\t\t\t\t\t\t<\/div>\n\t\t\t\t<\/div>\n\t\t\t\t<\/div>\n\t\t<div class=\"elementor-element elementor-element-925fba2 e-con-full e-flex e-con e-child\" data-id=\"925fba2\" data-element_type=\"container\" data-e-type=\"container\">\n\t\t\t\t<div class=\"elementor-element elementor-element-77c2ce2 elementor-widget elementor-widget-heading\" data-id=\"77c2ce2\" data-element_type=\"widget\" data-e-type=\"widget\" data-widget_type=\"heading.default\">\n\t\t\t\t\t\t<div class=\"elementor-widget-container\">\n\t\t\t\t\t<h2 class=\"elementor-heading-title elementor-size-default\">Notre Accent sur les Mat\u00e9riaux Non Toxiques et S\u00e9curitaires pour Enfants<\/h2>\t\t\t\t<\/div>\n\t\t\t\t<\/div>\n\t\t\t\t<div class=\"elementor-element elementor-element-a63c9c8 elementor-widget elementor-widget-text-editor\" data-id=\"a63c9c8\" data-element_type=\"widget\" data-e-type=\"widget\" data-widget_type=\"text-editor.default\">\n\t\t\t\t\t\t<div class=\"elementor-widget-container\">\n\t\t\t\t\t\t\t\t\t<ul><li style=\"font-weight: 400;\" aria-level=\"2\"><b>Finis Non Toxiques :<\/b><span style=\"font-weight: 400;\"> Nous priorisons les meubles finis avec des <\/span><b>peintures, teintures et laques non toxiques, s\u00e9curitaires pour les b\u00e9b\u00e9s<\/b><span style=\"font-weight: 400;\">. Notre objectif est de minimiser les compos\u00e9s organiques volatils (COV), offrant des options \u00e0 faible teneur en COV ou sans COV lorsque possible, contribuant \u00e0 une meilleure qualit\u00e9 de l&rsquo;air int\u00e9rieur dans la chambre de votre enfant.<\/span><\/li><li style=\"font-weight: 400;\" aria-level=\"2\"><b>Produits en Bois (Bois Massif et Bois d&rsquo;Ing\u00e9nierie) :<\/b><ul><li style=\"font-weight: 400;\" aria-level=\"3\"><span style=\"font-weight: 400;\">Beaucoup de nos pi\u00e8ces sont fabriqu\u00e9es \u00e0 partir de <\/span><b>bois massifs durables<\/b><span style=\"font-weight: 400;\"> tels que [mentionnez les types si sp\u00e9cifiques, par ex., pin, bouleau, \u00e9rable] reconnus pour leur solidit\u00e9 et leur long\u00e9vit\u00e9.<\/span><\/li><li style=\"font-weight: 400;\" aria-level=\"3\"><span style=\"font-weight: 400;\">Lorsque du bois d&rsquo;ing\u00e9nierie (comme le MDF ou le contreplaqu\u00e9) est utilis\u00e9 pour sa stabilit\u00e9 et son fini lisse, nous nous assurons qu&rsquo;il respecte les normes reconnues pour les <\/span><b>faibles \u00e9missions de formald\u00e9hyde<\/b><span style=\"font-weight: 400;\"> (par ex., conforme \u00e0 CARB Phase 2 ou TSCA Title VI, si applicable \u2013 expliquant que ce sont souvent des r\u00e9f\u00e9rences de qualit\u00e9).<\/span><\/li><\/ul><\/li><li style=\"font-weight: 400;\" aria-level=\"2\"><b>Tissus (si vous vendez des articles rembourr\u00e9s ou de la literie li\u00e9e aux meubles) :<\/b><ul><li style=\"font-weight: 400;\" aria-level=\"3\"><span style=\"font-weight: 400;\">Pour tout composant en tissu, nous recherchons des mat\u00e9riaux durables, faciles \u00e0 nettoyer et id\u00e9alement certifi\u00e9s par des normes comme <\/span><b>Oeko-Tex Standard 100<\/b><span style=\"font-weight: 400;\"> (signifiant qu&rsquo;ils sont test\u00e9s pour les substances nocives).<\/span><\/li><\/ul><\/li><li style=\"font-weight: 400;\" aria-level=\"2\"><b>\u00c9viter les Produits Chimiques Nocifs :<\/b><span style=\"font-weight: 400;\"> Nous nous engageons \u00e0 \u00e9viter les produits chimiques nocifs intentionnellement ajout\u00e9s dans nos meubles. Cela inclut une attention particuli\u00e8re \u00e0 \u00e9viter le plomb, les phtalates (dans les plastiques et finis), et les retardateurs de flamme inutiles lorsque des alternatives plus s\u00fbres et conformes existent.<\/span><\/li><\/ul>\t\t\t\t\t\t\t\t<\/div>\n\t\t\t\t<\/div>\n\t\t\t\t<\/div>\n\t\t\t\t\t<\/div>\n\t\t\t\t<\/div>\n\t\t<div class=\"elementor-element elementor-element-0edab40 e-flex e-con-boxed e-con e-parent\" data-id=\"0edab40\" data-element_type=\"container\" data-e-type=\"container\">\n\t\t\t\t\t<div class=\"e-con-inner\">\n\t\t<div class=\"elementor-element elementor-element-c1b66ac e-con-full e-flex e-con e-child\" data-id=\"c1b66ac\" data-element_type=\"container\" data-e-type=\"container\">\n\t\t\t\t<div class=\"elementor-element elementor-element-ebfc044 elementor-widget elementor-widget-image\" data-id=\"ebfc044\" data-element_type=\"widget\" data-e-type=\"widget\" data-widget_type=\"image.default\">\n\t\t\t\t\t\t<div class=\"elementor-widget-container\">\n\t\t\t\t\t\t\t\t\t\t\t\t\t\t\t<img decoding=\"async\" src=\"https:\/\/kidsfurniturecanada.com\/wp-content\/uploads\/2025\/05\/Untitled-22.jpg\" title=\"\" alt=\"\" loading=\"lazy\" \/>\t\t\t\t\t\t\t\t\t\t\t\t\t\t\t<\/div>\n\t\t\t\t<\/div>\n\t\t\t\t<\/div>\n\t\t<div class=\"elementor-element elementor-element-8c84394 e-con-full e-flex e-con e-child\" data-id=\"8c84394\" data-element_type=\"container\" data-e-type=\"container\">\n\t\t\t\t<div class=\"elementor-element elementor-element-2623108 elementor-widget elementor-widget-heading\" data-id=\"2623108\" data-element_type=\"widget\" data-e-type=\"widget\" data-widget_type=\"heading.default\">\n\t\t\t\t\t\t<div class=\"elementor-widget-container\">\n\t\t\t\t\t<h2 class=\"elementor-heading-title elementor-size-default\">Con\u00e7u en Pensant \u00e0 la S\u00e9curit\u00e9<\/h2>\t\t\t\t<\/div>\n\t\t\t\t<\/div>\n\t\t\t\t<div class=\"elementor-element elementor-element-2c28270 elementor-widget elementor-widget-text-editor\" data-id=\"2c28270\" data-element_type=\"widget\" data-e-type=\"widget\" data-widget_type=\"text-editor.default\">\n\t\t\t\t\t\t<div class=\"elementor-widget-container\">\n\t\t\t\t\t\t\t\t\t<ul><li style=\"font-weight: 400;\" aria-level=\"2\"><b>Coins et Bords Arrondis :<\/b><span style=\"font-weight: 400;\"> Pour aider \u00e0 pr\u00e9venir les bosses et les ecchymoses, beaucoup de nos designs de meubles int\u00e8grent des bords et des coins adoucis ou arrondis.<\/span><\/li><li style=\"font-weight: 400;\" aria-level=\"2\"><b>Dispositifs Anti-Basculement :<\/b><span style=\"font-weight: 400;\"> La stabilit\u00e9 est cruciale. Tous nos coffres, commodes, biblioth\u00e8ques et unit\u00e9s de rangement autoportants concern\u00e9s sont livr\u00e9s avec des <\/span><b>trousses anti-basculement<\/b><span style=\"font-weight: 400;\"> et des instructions claires pour les fixer solidement au mur afin de pr\u00e9venir les accidents dangereux de basculement.<\/span><\/li><li style=\"font-weight: 400;\" aria-level=\"2\"><b>Quincaillerie et Assemblage S\u00e9curis\u00e9s :<\/b><span style=\"font-weight: 400;\"> Nous s\u00e9lectionnons des meubles avec un assemblage robuste et une quincaillerie de qualit\u00e9 pour assurer une stabilit\u00e9 et une int\u00e9grit\u00e9 structurelle durables.<\/span><\/li><li><b>D\u00e9tails R\u00e9fl\u00e9chis :<\/b><span style=\"font-weight: 400;\"> De l&rsquo;espacement appropri\u00e9 des barreaux \u00e0 l&rsquo;assurance qu&rsquo;il n&rsquo;y a pas de petites pi\u00e8ces d\u00e9tachables sur les articles pour jeunes enfants, nous consid\u00e9rons les d\u00e9tails qui contribuent \u00e0 un produit plus s\u00fbr.<\/span><\/li><\/ul>\t\t\t\t\t\t\t\t<\/div>\n\t\t\t\t<\/div>\n\t\t\t\t<\/div>\n\t\t\t\t\t<\/div>\n\t\t\t\t<\/div>\n\t\t<div class=\"elementor-element elementor-element-145c79c e-flex e-con-boxed e-con e-parent\" data-id=\"145c79c\" data-element_type=\"container\" data-e-type=\"container\">\n\t\t\t\t\t<div class=\"e-con-inner\">\n\t\t<div class=\"elementor-element elementor-element-311f73f e-con-full e-flex e-con e-child\" data-id=\"311f73f\" data-element_type=\"container\" data-e-type=\"container\">\n\t\t\t\t<div class=\"elementor-element elementor-element-df66dbf elementor-widget elementor-widget-image\" data-id=\"df66dbf\" data-element_type=\"widget\" data-e-type=\"widget\" data-widget_type=\"image.default\">\n\t\t\t\t\t\t<div class=\"elementor-widget-container\">\n\t\t\t\t\t\t\t\t\t\t\t\t\t\t\t<img decoding=\"async\" src=\"https:\/\/kidsfurniturecanada.com\/wp-content\/uploads\/2025\/06\/slider-02.jpg\" title=\"\" alt=\"\" loading=\"lazy\" \/>\t\t\t\t\t\t\t\t\t\t\t\t\t\t\t<\/div>\n\t\t\t\t<\/div>\n\t\t\t\t<\/div>\n\t\t<div class=\"elementor-element elementor-element-07ea79d e-con-full e-flex e-con e-child\" data-id=\"07ea79d\" data-element_type=\"container\" data-e-type=\"container\">\n\t\t\t\t<div class=\"elementor-element elementor-element-b4db3cd elementor-widget elementor-widget-heading\" data-id=\"b4db3cd\" data-element_type=\"widget\" data-e-type=\"widget\" data-widget_type=\"heading.default\">\n\t\t\t\t\t\t<div class=\"elementor-widget-container\">\n\t\t\t\t\t<h2 class=\"elementor-heading-title elementor-size-default\">Notre Promesse et Votre Tranquillit\u00e9 d'Esprit<\/h2>\t\t\t\t<\/div>\n\t\t\t\t<\/div>\n\t\t\t\t<div class=\"elementor-element elementor-element-d54d40c elementor-widget elementor-widget-text-editor\" data-id=\"d54d40c\" data-element_type=\"widget\" data-e-type=\"widget\" data-widget_type=\"text-editor.default\">\n\t\t\t\t\t\t<div class=\"elementor-widget-container\">\n\t\t\t\t\t\t\t\t\t<ul><li style=\"font-weight: 400;\" aria-level=\"2\"><span style=\"font-weight: 400;\">Chez Kids Furniture Canada, fournir des meubles s\u00e9curitaires et sains pour vos enfants n&rsquo;est pas seulement une norme \u2013 c&rsquo;est au c\u0153ur de notre mission.<\/span><\/li><li style=\"font-weight: 400;\" aria-level=\"2\"><span style=\"font-weight: 400;\">Nous examinons continuellement notre approvisionnement et travaillons avec nos partenaires fabricants en Europe et ailleurs dans le monde pour garantir que ces normes de s\u00e9curit\u00e9 et de mat\u00e9riaux sont respect\u00e9es.<\/span><\/li><li style=\"font-weight: 400;\" aria-level=\"2\"><span style=\"font-weight: 400;\">Nous vous encourageons \u00e0 lire attentivement les sp\u00e9cifications des produits et \u00e0 toujours suivre les directives d&rsquo;assemblage et d&rsquo;utilisation.<\/span><\/li><\/ul>\t\t\t\t\t\t\t\t<\/div>\n\t\t\t\t<\/div>\n\t\t\t\t<\/div>\n\t\t\t\t\t<\/div>\n\t\t\t\t<\/div>\n\t\t\t\t<\/div>\n\t\t","protected":false},"excerpt":{"rendered":"<p>Notre Engagement : Mat\u00e9riaux S\u00fbrs et Normes de S\u00e9curit\u00e9 pour Meubles Enfants Chez Kids Furniture Canada, la s\u00e9curit\u00e9 et le bien-\u00eatre de votre enfant sont notre plus haute priorit\u00e9. Nous comprenons que les parents ont besoin d&rsquo;une tranquillit\u00e9 d&rsquo;esprit totale lorsqu&rsquo;ils choisissent des meubles pour leurs tout-petits. C&rsquo;est pourquoi nous nous engageons profond\u00e9ment \u00e0 s\u00e9lectionner [&hellip;]<\/p>\n","protected":false},"author":1,"featured_media":0,"parent":2161,"menu_order":0,"comment_status":"closed","ping_status":"closed","template":"elementor_header_footer","meta":{"_acf_changed":false,"footnotes":""},"class_list":["post-2172","page","type-page","status-publish","hentry"],"acf":[],"aioseo_notices":[],"_links":{"self":[{"href":"https:\/\/kidsfurniturecanada.com\/fr\/wp-json\/wp\/v2\/pages\/2172","targetHints":{"allow":["GET"]}}],"collection":[{"href":"https:\/\/kidsfurniturecanada.com\/fr\/wp-json\/wp\/v2\/pages"}],"about":[{"href":"https:\/\/kidsfurniturecanada.com\/fr\/wp-json\/wp\/v2\/types\/page"}],"author":[{"embeddable":true,"href":"https:\/\/kidsfurniturecanada.com\/fr\/wp-json\/wp\/v2\/users\/1"}],"replies":[{"embeddable":true,"href":"https:\/\/kidsfurniturecanada.com\/fr\/wp-json\/wp\/v2\/comments?post=2172"}],"version-history":[{"count":7,"href":"https:\/\/kidsfurniturecanada.com\/fr\/wp-json\/wp\/v2\/pages\/2172\/revisions"}],"predecessor-version":[{"id":2842,"href":"https:\/\/kidsfurniturecanada.com\/fr\/wp-json\/wp\/v2\/pages\/2172\/revisions\/2842"}],"up":[{"embeddable":true,"href":"https:\/\/kidsfurniturecanada.com\/fr\/wp-json\/wp\/v2\/pages\/2161"}],"wp:attachment":[{"href":"https:\/\/kidsfurniturecanada.com\/fr\/wp-json\/wp\/v2\/media?parent=2172"}],"curies":[{"name":"wp","href":"https:\/\/api.w.org\/{rel}","templated":true}]}}