{"id":2169,"date":"2025-06-04T16:05:44","date_gmt":"2025-06-04T20:05:44","guid":{"rendered":"https:\/\/v2.kidsfurniturecanada.com\/?page_id=2169"},"modified":"2025-06-13T16:40:48","modified_gmt":"2025-06-13T20:40:48","slug":"pourquoi-nous","status":"publish","type":"page","link":"https:\/\/kidsfurniturecanada.com\/fr\/a-propos\/pourquoi-nous\/","title":{"rendered":"Pourquoi Nous"},"content":{"rendered":"\t\t<div data-elementor-type=\"wp-page\" data-elementor-id=\"2169\" class=\"elementor elementor-2169 elementor-1179\" data-elementor-post-type=\"page\">\n\t\t\t\t<div class=\"elementor-element elementor-element-b7c3af9 e-flex e-con-boxed e-con e-parent\" data-id=\"b7c3af9\" data-element_type=\"container\" data-e-type=\"container\">\n\t\t\t\t\t<div class=\"e-con-inner\">\n\t\t<div class=\"elementor-element elementor-element-b948c0c e-con-full e-flex e-con e-child\" data-id=\"b948c0c\" data-element_type=\"container\" data-e-type=\"container\">\n\t\t<div class=\"elementor-element elementor-element-4621ac9 e-flex e-con-boxed e-con e-child\" data-id=\"4621ac9\" data-element_type=\"container\" data-e-type=\"container\">\n\t\t\t\t\t<div class=\"e-con-inner\">\n\t\t\t\t<div class=\"elementor-element elementor-element-27fe63b elementor-widget__width-inherit elementor-widget elementor-widget-heading\" data-id=\"27fe63b\" data-element_type=\"widget\" data-e-type=\"widget\" data-widget_type=\"heading.default\">\n\t\t\t\t\t\t<div class=\"elementor-widget-container\">\n\t\t\t\t\t<h1 class=\"elementor-heading-title elementor-size-default\">Pourquoi Choisir Kids Furniture Canada ? Votre Partenaire de Confiance pour la Qualit\u00e9 et la S\u00e9curit\u00e9 des Chambres d'Enfants<\/h1>\t\t\t\t<\/div>\n\t\t\t\t<\/div>\n\t\t\t\t<div class=\"elementor-element elementor-element-035936c elementor-widget elementor-widget-woocommerce-breadcrumb\" data-id=\"035936c\" data-element_type=\"widget\" data-e-type=\"widget\" data-widget_type=\"woocommerce-breadcrumb.default\">\n\t\t\t\t\t\t<div class=\"elementor-widget-container\">\n\t\t\t\t\t<nav class=\"woocommerce-breadcrumb\" aria-label=\"Breadcrumb\">Accueil<\/nav>\t\t\t\t<\/div>\n\t\t\t\t<\/div>\n\t\t\t\t<div class=\"elementor-element elementor-element-96da916 elementor-widget elementor-widget-text-editor\" data-id=\"96da916\" data-element_type=\"widget\" data-e-type=\"widget\" data-widget_type=\"text-editor.default\">\n\t\t\t\t\t\t<div class=\"elementor-widget-container\">\n\t\t\t\t\t\t\t\t\t<p><span style=\"font-weight: 400;\">Choisir des meubles pour la chambre de votre enfant est une d\u00e9cision importante, et nous savons que vous avez des options. Chez Kids Furniture Canada, nous nous engageons \u00e0 \u00eatre plus qu&rsquo;un simple magasin de meubles ; nous aspirons \u00e0 \u00eatre votre partenaire de confiance pour cr\u00e9er des espaces inspirants, s\u00e9curitaires et durables o\u00f9 vos enfants peuvent s&rsquo;\u00e9panouir. Nous croyons que notre engagement envers la qualit\u00e9, nos normes de s\u00e9curit\u00e9 in\u00e9gal\u00e9es, notre design r\u00e9fl\u00e9chi et notre service canadien d\u00e9vou\u00e9 nous distinguent. D\u00e9couvrez la diff\u00e9rence Kids Furniture Canada ci-dessous.<\/span><\/p>\t\t\t\t\t\t\t\t<\/div>\n\t\t\t\t<\/div>\n\t\t\t\t\t<\/div>\n\t\t\t\t<\/div>\n\t\t\t\t<div class=\"elementor-element elementor-element-37bdb14 elementor-widget__width-inherit elementor-widget-divider--view-line elementor-widget elementor-widget-divider\" data-id=\"37bdb14\" data-element_type=\"widget\" data-e-type=\"widget\" data-widget_type=\"divider.default\">\n\t\t\t\t\t\t<div class=\"elementor-widget-container\">\n\t\t\t\t\t\t\t<div class=\"elementor-divider\">\n\t\t\t<span class=\"elementor-divider-separator\">\n\t\t\t\t\t\t<\/span>\n\t\t<\/div>\n\t\t\t\t\t\t<\/div>\n\t\t\t\t<\/div>\n\t\t\t\t<\/div>\n\t\t\t\t\t<\/div>\n\t\t\t\t<\/div>\n\t\t<div class=\"elementor-element elementor-element-5d856ad e-flex e-con-boxed e-con e-parent\" data-id=\"5d856ad\" data-element_type=\"container\" data-e-type=\"container\">\n\t\t\t\t\t<div class=\"e-con-inner\">\n\t\t<div class=\"elementor-element elementor-element-8c40cda e-con-full e-flex e-con e-child\" data-id=\"8c40cda\" data-element_type=\"container\" data-e-type=\"container\">\n\t\t\t\t<div class=\"elementor-element elementor-element-e659f26 elementor-widget elementor-widget-image\" data-id=\"e659f26\" data-element_type=\"widget\" data-e-type=\"widget\" data-widget_type=\"image.default\">\n\t\t\t\t\t\t<div class=\"elementor-widget-container\">\n\t\t\t\t\t\t\t\t\t\t\t\t\t\t\t<img decoding=\"async\" src=\"https:\/\/kidsfurniturecanada.com\/wp-content\/uploads\/2025\/05\/glicerio-chaves-f823-teenage-beds.jpg\" title=\"\" alt=\"\" loading=\"lazy\" \/>\t\t\t\t\t\t\t\t\t\t\t\t\t\t\t<\/div>\n\t\t\t\t<\/div>\n\t\t\t\t<\/div>\n\t\t<div class=\"elementor-element elementor-element-98d695e e-con-full e-flex e-con e-child\" data-id=\"98d695e\" data-element_type=\"container\" data-e-type=\"container\">\n\t\t\t\t<div class=\"elementor-element elementor-element-5163d25 elementor-widget elementor-widget-heading\" data-id=\"5163d25\" data-element_type=\"widget\" data-e-type=\"widget\" data-widget_type=\"heading.default\">\n\t\t\t\t\t\t<div class=\"elementor-widget-container\">\n\t\t\t\t\t<h2 class=\"elementor-heading-title elementor-size-default\">Notre Engagement In\u00e9branlable envers la S\u00e9curit\u00e9<\/h2>\t\t\t\t<\/div>\n\t\t\t\t<\/div>\n\t\t\t\t<div class=\"elementor-element elementor-element-12f251b elementor-widget elementor-widget-text-editor\" data-id=\"12f251b\" data-element_type=\"widget\" data-e-type=\"widget\" data-widget_type=\"text-editor.default\">\n\t\t\t\t\t\t<div class=\"elementor-widget-container\">\n\t\t\t\t\t\t\t\t\t<ul><li style=\"font-weight: 400;\" aria-level=\"2\"><span style=\"font-weight: 400;\">La s\u00e9curit\u00e9 de votre enfant est non n\u00e9gociable. C&rsquo;est pourquoi chaque meuble que nous proposons est m\u00e9ticuleusement s\u00e9lectionn\u00e9 pour respecter ou d\u00e9passer les <\/span><b>normes de s\u00e9curit\u00e9 canadiennes strictes<\/b><span style=\"font-weight: 400;\"> (par ex., Sant\u00e9 Canada DORS\/2016-193 pour les lits b\u00e9b\u00e9).<\/span><\/li><li style=\"font-weight: 400;\" aria-level=\"2\"><span style=\"font-weight: 400;\">Nous priorisons les <\/span><b>mat\u00e9riaux et finitions non toxiques<\/b><span style=\"font-weight: 400;\">, garantissant un environnement int\u00e9rieur sain.<\/span><\/li><li style=\"font-weight: 400;\" aria-level=\"2\"><span style=\"font-weight: 400;\">Des caract\u00e9ristiques comme les coins arrondis, les dispositifs anti-basculement pour les articles plus grands, et une construction robuste sont standards lorsque la s\u00e9curit\u00e9 l&rsquo;exige.<\/span><\/li><li style=\"font-weight: 400;\" aria-level=\"2\"><span style=\"font-weight: 400;\">La tranquillit\u00e9 d&rsquo;esprit des parents est int\u00e9gr\u00e9e dans chaque design.<\/span><\/li><\/ul>\t\t\t\t\t\t\t\t<\/div>\n\t\t\t\t<\/div>\n\t\t\t\t<\/div>\n\t\t\t\t\t<\/div>\n\t\t\t\t<\/div>\n\t\t<div class=\"elementor-element elementor-element-6558ef4 e-flex e-con-boxed e-con e-parent\" data-id=\"6558ef4\" data-element_type=\"container\" data-e-type=\"container\">\n\t\t\t\t\t<div class=\"e-con-inner\">\n\t\t<div class=\"elementor-element elementor-element-d10bb0c e-con-full e-flex e-con e-child\" data-id=\"d10bb0c\" data-element_type=\"container\" data-e-type=\"container\">\n\t\t\t\t<div class=\"elementor-element elementor-element-76f58f8 elementor-widget elementor-widget-image\" data-id=\"76f58f8\" data-element_type=\"widget\" data-e-type=\"widget\" data-widget_type=\"image.default\">\n\t\t\t\t\t\t<div class=\"elementor-widget-container\">\n\t\t\t\t\t\t\t\t\t\t\t\t\t\t\t<img fetchpriority=\"high\" decoding=\"async\" width=\"800\" height=\"296\" src=\"https:\/\/kidsfurniturecanada.com\/wp-content\/uploads\/2025\/06\/inner-main-cat02-1024x379.jpg\" class=\"attachment-large size-large wp-image-1991\" alt=\"\" srcset=\"https:\/\/kidsfurniturecanada.com\/wp-content\/uploads\/2025\/06\/inner-main-cat02-1024x379.jpg 1024w, https:\/\/kidsfurniturecanada.com\/wp-content\/uploads\/2025\/06\/inner-main-cat02-300x111.jpg 300w, https:\/\/kidsfurniturecanada.com\/wp-content\/uploads\/2025\/06\/inner-main-cat02-768x284.jpg 768w, https:\/\/kidsfurniturecanada.com\/wp-content\/uploads\/2025\/06\/inner-main-cat02-600x222.jpg 600w, https:\/\/kidsfurniturecanada.com\/wp-content\/uploads\/2025\/06\/inner-main-cat02.jpg 1080w\" sizes=\"(max-width: 800px) 100vw, 800px\" \/>\t\t\t\t\t\t\t\t\t\t\t\t\t\t\t<\/div>\n\t\t\t\t<\/div>\n\t\t\t\t<\/div>\n\t\t<div class=\"elementor-element elementor-element-e14e608 e-con-full e-flex e-con e-child\" data-id=\"e14e608\" data-element_type=\"container\" data-e-type=\"container\">\n\t\t\t\t<div class=\"elementor-element elementor-element-44c155a elementor-widget elementor-widget-heading\" data-id=\"44c155a\" data-element_type=\"widget\" data-e-type=\"widget\" data-widget_type=\"heading.default\">\n\t\t\t\t\t\t<div class=\"elementor-widget-container\">\n\t\t\t\t\t<h2 class=\"elementor-heading-title elementor-size-default\">Qualit\u00e9 Durable, Style Inspirant<\/h2>\t\t\t\t<\/div>\n\t\t\t\t<\/div>\n\t\t\t\t<div class=\"elementor-element elementor-element-11540f6 elementor-widget elementor-widget-text-editor\" data-id=\"11540f6\" data-element_type=\"widget\" data-e-type=\"widget\" data-widget_type=\"text-editor.default\">\n\t\t\t\t\t\t<div class=\"elementor-widget-container\">\n\t\t\t\t\t\t\t\t\t<ul><li style=\"font-weight: 400;\" aria-level=\"2\"><span style=\"font-weight: 400;\">Nous croyons que les meubles pour enfants doivent r\u00e9sister aux jeux actifs et s&rsquo;adapter \u00e0 leur croissance. Nous s\u00e9lectionnons des <\/span><b>meubles durables et de haute qualit\u00e9<\/b><span style=\"font-weight: 400;\">, con\u00e7us pour durer.<\/span><\/li><li style=\"font-weight: 400;\" aria-level=\"2\"><span style=\"font-weight: 400;\">Nos collections pr\u00e9sentent des influences de <\/span><b>design europ\u00e9en contemporain<\/b><span style=\"font-weight: 400;\"> (conform\u00e9ment \u00e0 votre USP), alliant esth\u00e9tique moderne, attrait intemporel et fonctionnalit\u00e9 intelligente.<\/span><\/li><li style=\"font-weight: 400;\" aria-level=\"2\"><span style=\"font-weight: 400;\">Trouvez des pi\u00e8ces qui ne sont pas seulement belles, mais aussi pratiques pour la vie de famille quotidienne.<\/span><\/li><\/ul>\t\t\t\t\t\t\t\t<\/div>\n\t\t\t\t<\/div>\n\t\t\t\t<\/div>\n\t\t\t\t\t<\/div>\n\t\t\t\t<\/div>\n\t\t<div class=\"elementor-element elementor-element-a8f9838 e-flex e-con-boxed e-con e-parent\" data-id=\"a8f9838\" data-element_type=\"container\" data-e-type=\"container\">\n\t\t\t\t\t<div class=\"e-con-inner\">\n\t\t<div class=\"elementor-element elementor-element-e9f7a47 e-con-full e-flex e-con e-child\" data-id=\"e9f7a47\" data-element_type=\"container\" data-e-type=\"container\">\n\t\t\t\t<div class=\"elementor-element elementor-element-da5ad73 elementor-widget elementor-widget-image\" data-id=\"da5ad73\" data-element_type=\"widget\" data-e-type=\"widget\" data-widget_type=\"image.default\">\n\t\t\t\t\t\t<div class=\"elementor-widget-container\">\n\t\t\t\t\t\t\t\t\t\t\t\t\t\t\t<img decoding=\"async\" src=\"https:\/\/kidsfurniturecanada.com\/wp-content\/uploads\/2025\/05\/glicerio-chaves-f835-murphy-beds-3.jpg\" title=\"\" alt=\"\" loading=\"lazy\" \/>\t\t\t\t\t\t\t\t\t\t\t\t\t\t\t<\/div>\n\t\t\t\t<\/div>\n\t\t\t\t<\/div>\n\t\t<div class=\"elementor-element elementor-element-434ceee e-con-full e-flex e-con e-child\" data-id=\"434ceee\" data-element_type=\"container\" data-e-type=\"container\">\n\t\t\t\t<div class=\"elementor-element elementor-element-5f2c6f8 elementor-widget elementor-widget-heading\" data-id=\"5f2c6f8\" data-element_type=\"widget\" data-e-type=\"widget\" data-widget_type=\"heading.default\">\n\t\t\t\t\t\t<div class=\"elementor-widget-container\">\n\t\t\t\t\t<h2 class=\"elementor-heading-title elementor-size-default\">Service et Expertise Fi\u00e8rement Canadiens<\/h2>\t\t\t\t<\/div>\n\t\t\t\t<\/div>\n\t\t\t\t<div class=\"elementor-element elementor-element-45f8ceb elementor-widget elementor-widget-text-editor\" data-id=\"45f8ceb\" data-element_type=\"widget\" data-e-type=\"widget\" data-widget_type=\"text-editor.default\">\n\t\t\t\t\t\t<div class=\"elementor-widget-container\">\n\t\t\t\t\t\t\t\t\t<ul><li style=\"font-weight: 400;\" aria-level=\"2\"><span style=\"font-weight: 400;\">En tant qu&rsquo;entreprise <\/span><b>d\u00e9tenue et exploit\u00e9e au Canada<\/b><span style=\"font-weight: 400;\">, nous comprenons les besoins et pr\u00e9f\u00e9rences uniques des familles canadiennes.<\/span><\/li><li style=\"font-weight: 400;\" aria-level=\"2\"><span style=\"font-weight: 400;\">Notre \u00e9quipe d\u00e9vou\u00e9e, bas\u00e9e ici m\u00eame au Canada (avec des salles de montre \u00e0 <\/span><b>Montr\u00e9al et dans l&rsquo;Ouest-de-l&rsquo;\u00cele<\/b><span style=\"font-weight: 400;\">), offre un service client personnalis\u00e9 et un soutien attentif.<\/span><\/li><li style=\"font-weight: 400;\" aria-level=\"2\"><span style=\"font-weight: 400;\">B\u00e9n\u00e9ficiez de notre connaissance locale et de notre engagement envers votre satisfaction.<\/span><\/li><\/ul>\t\t\t\t\t\t\t\t<\/div>\n\t\t\t\t<\/div>\n\t\t\t\t<\/div>\n\t\t\t\t\t<\/div>\n\t\t\t\t<\/div>\n\t\t<div class=\"elementor-element elementor-element-60da63c e-flex e-con-boxed e-con e-parent\" data-id=\"60da63c\" data-element_type=\"container\" data-e-type=\"container\">\n\t\t\t\t\t<div class=\"e-con-inner\">\n\t\t<div class=\"elementor-element elementor-element-8a26965 e-con-full e-flex e-con e-child\" data-id=\"8a26965\" data-element_type=\"container\" data-e-type=\"container\">\n\t\t\t\t<div class=\"elementor-element elementor-element-add8e88 elementor-widget elementor-widget-image\" data-id=\"add8e88\" data-element_type=\"widget\" data-e-type=\"widget\" data-widget_type=\"image.default\">\n\t\t\t\t\t\t<div class=\"elementor-widget-container\">\n\t\t\t\t\t\t\t\t\t\t\t\t\t\t\t<img decoding=\"async\" src=\"https:\/\/kidsfurniturecanada.com\/wp-content\/uploads\/2025\/05\/glicerio-chaves-f832-teenage-beds-2.jpg\" title=\"\" alt=\"\" loading=\"lazy\" \/>\t\t\t\t\t\t\t\t\t\t\t\t\t\t\t<\/div>\n\t\t\t\t<\/div>\n\t\t\t\t<\/div>\n\t\t<div class=\"elementor-element elementor-element-dfc541f e-con-full e-flex e-con e-child\" data-id=\"dfc541f\" data-element_type=\"container\" data-e-type=\"container\">\n\t\t\t\t<div class=\"elementor-element elementor-element-f5802d0 elementor-widget elementor-widget-heading\" data-id=\"f5802d0\" data-element_type=\"widget\" data-e-type=\"widget\" data-widget_type=\"heading.default\">\n\t\t\t\t\t\t<div class=\"elementor-widget-container\">\n\t\t\t\t\t<h2 class=\"elementor-heading-title elementor-size-default\">Conseils d'Experts en Design \u2013 Gratuits<\/h2>\t\t\t\t<\/div>\n\t\t\t\t<\/div>\n\t\t\t\t<div class=\"elementor-element elementor-element-c1a3d5d elementor-widget elementor-widget-text-editor\" data-id=\"c1a3d5d\" data-element_type=\"widget\" data-e-type=\"widget\" data-widget_type=\"text-editor.default\">\n\t\t\t\t\t\t<div class=\"elementor-widget-container\">\n\t\t\t\t\t\t\t\t\t<ul><li style=\"font-weight: 400;\" aria-level=\"2\"><span style=\"font-weight: 400;\">Vous vous sentez d\u00e9pass\u00e9 par les choix ou incertain de la meilleure fa\u00e7on d&rsquo;utiliser votre espace ? Nos <\/span><b>experts internes en design int\u00e9rieur pour enfants<\/b><span style=\"font-weight: 400;\"> sont l\u00e0 pour vous aider !<\/span><\/li><li style=\"font-weight: 400;\" aria-level=\"2\"><span style=\"font-weight: 400;\">Nous offrons un <\/span><b>service de consultation design gratuit<\/b><span style=\"font-weight: 400;\"> pour fournir des conseils personnalis\u00e9s, une planification d&rsquo;espace, et vous aider \u00e0 choisir les meubles parfaits pour cr\u00e9er la chambre de r\u00eave de votre enfant.<\/span><\/li><li style=\"font-weight: 400;\" aria-level=\"2\"><span style=\"font-weight: 400;\">Laissez-nous vous aider \u00e0 prendre des d\u00e9cisions \u00e9clair\u00e9es et \u00e0 cr\u00e9er un espace \u00e0 la fois beau et parfaitement fonctionnel.<\/span><\/li><\/ul>\t\t\t\t\t\t\t\t<\/div>\n\t\t\t\t<\/div>\n\t\t\t\t<\/div>\n\t\t\t\t\t<\/div>\n\t\t\t\t<\/div>\n\t\t\t\t<\/div>\n\t\t","protected":false},"excerpt":{"rendered":"<p>Pourquoi Choisir Kids Furniture Canada ? Votre Partenaire de Confiance pour la Qualit\u00e9 et la S\u00e9curit\u00e9 des Chambres d&rsquo;Enfants Choisir des meubles pour la chambre de votre enfant est une d\u00e9cision importante, et nous savons que vous avez des options. Chez Kids Furniture Canada, nous nous engageons \u00e0 \u00eatre plus qu&rsquo;un simple magasin de meubles [&hellip;]<\/p>\n","protected":false},"author":1,"featured_media":0,"parent":2161,"menu_order":0,"comment_status":"closed","ping_status":"closed","template":"elementor_header_footer","meta":{"_acf_changed":false,"footnotes":""},"class_list":["post-2169","page","type-page","status-publish","hentry"],"acf":[],"aioseo_notices":[],"_links":{"self":[{"href":"https:\/\/kidsfurniturecanada.com\/fr\/wp-json\/wp\/v2\/pages\/2169","targetHints":{"allow":["GET"]}}],"collection":[{"href":"https:\/\/kidsfurniturecanada.com\/fr\/wp-json\/wp\/v2\/pages"}],"about":[{"href":"https:\/\/kidsfurniturecanada.com\/fr\/wp-json\/wp\/v2\/types\/page"}],"author":[{"embeddable":true,"href":"https:\/\/kidsfurniturecanada.com\/fr\/wp-json\/wp\/v2\/users\/1"}],"replies":[{"embeddable":true,"href":"https:\/\/kidsfurniturecanada.com\/fr\/wp-json\/wp\/v2\/comments?post=2169"}],"version-history":[{"count":4,"href":"https:\/\/kidsfurniturecanada.com\/fr\/wp-json\/wp\/v2\/pages\/2169\/revisions"}],"predecessor-version":[{"id":2855,"href":"https:\/\/kidsfurniturecanada.com\/fr\/wp-json\/wp\/v2\/pages\/2169\/revisions\/2855"}],"up":[{"embeddable":true,"href":"https:\/\/kidsfurniturecanada.com\/fr\/wp-json\/wp\/v2\/pages\/2161"}],"wp:attachment":[{"href":"https:\/\/kidsfurniturecanada.com\/fr\/wp-json\/wp\/v2\/media?parent=2169"}],"curies":[{"name":"wp","href":"https:\/\/api.w.org\/{rel}","templated":true}]}}